{"id":17,"date":"2023-10-11T22:45:07","date_gmt":"2023-10-11T19:45:07","guid":{"rendered":"https:\/\/malakurdan.org\/?page_id=17"},"modified":"2026-03-13T14:44:07","modified_gmt":"2026-03-13T11:44:07","slug":"mala-kurdan-cand-u-perwede","status":"publish","type":"page","link":"https:\/\/malakurdan.org\/index.php\/mala-kurdan-cand-u-perwede\/","title":{"rendered":"Mala Kurdan"},"content":{"rendered":"\t\t<div data-elementor-type=\"wp-page\" data-elementor-id=\"17\" class=\"elementor elementor-17\">\n\t\t\t\t<div class=\"elementor-element elementor-element-2f66c93 e-flex e-con-boxed e-con e-parent\" data-id=\"2f66c93\" data-element_type=\"container\" data-e-type=\"container\">\n\t\t\t\t\t<div class=\"e-con-inner\">\n\t\t<div class=\"elementor-element elementor-element-ebcd7a5 e-con-full e-flex e-con e-child\" data-id=\"ebcd7a5\" data-element_type=\"container\" data-e-type=\"container\">\n\t\t\t\t<div class=\"elementor-element elementor-element-e5073ea elementor-widget elementor-widget-shortcode\" data-id=\"e5073ea\" data-element_type=\"widget\" data-e-type=\"widget\" data-widget_type=\"shortcode.default\">\n\t\t\t\t<div class=\"elementor-widget-container\">\n\t\t\t\t\t\t\t<div class=\"elementor-shortcode\"><img decoding=\"async\" src=\"https:\/\/malakurdan.org\/wp-content\/uploads\/2024\/12\/111111.jpeg\" alt=\"https:\/\/malakurdan.org\/wp-content\/uploads\/2024\/12\/111111.jpeg\"\/><\/div>\n\t\t\t\t\t\t<\/div>\n\t\t\t\t<\/div>\n\t\t\t\t<\/div>\n\t\t<div class=\"elementor-element elementor-element-47f9b70 e-con-full e-flex e-con e-child\" data-id=\"47f9b70\" data-element_type=\"container\" data-e-type=\"container\">\n\t\t\t\t<div class=\"elementor-element elementor-element-23f326d elementor-widget elementor-widget-shortcode\" data-id=\"23f326d\" data-element_type=\"widget\" data-e-type=\"widget\" data-widget_type=\"shortcode.default\">\n\t\t\t\t<div class=\"elementor-widget-container\">\n\t\t\t\t\t\t\t<div class=\"elementor-shortcode\"><img src=https:\/\/malakurdan.org\/wp-content\/uploads\/2024\/12\/r2.jpeg\" alt=\"https:\/\/malakurdan.org\/wp-content\/uploads\/2024\/12\/r2.jpeg\"\/><\/div>\n\t\t\t\t\t\t<\/div>\n\t\t\t\t<\/div>\n\t\t\t\t<\/div>\n\t\t<div class=\"elementor-element elementor-element-54c0c3f e-con-full e-flex e-con e-child\" data-id=\"54c0c3f\" data-element_type=\"container\" data-e-type=\"container\">\n\t\t\t\t<div class=\"elementor-element elementor-element-dd97bc3 elementor-widget elementor-widget-html\" data-id=\"dd97bc3\" data-element_type=\"widget\" data-e-type=\"widget\" data-widget_type=\"html.default\">\n\t\t\t\t<div class=\"elementor-widget-container\">\n\t\t\t\t\t<video width=\"320\" height=\"240\" controls>\r\n  <source src=\"https:\/\/malakurdan.org\/wp-content\/uploads\/2024\/09\/1-3.mp4\" type=\"video\/mp4\">\r\n  <source src=\"https:\/\/malakurdan.org\/wp-content\/uploads\/2024\/09\/1-3.mp4\" type=\"video\/ogg\">\r\nYour browser does not support the video tag.\r\n<\/video>\t\t\t\t<\/div>\n\t\t\t\t<\/div>\n\t\t\t\t<div class=\"elementor-element elementor-element-f042dc5 elementor-widget elementor-widget-video\" data-id=\"f042dc5\" data-element_type=\"widget\" data-e-type=\"widget\" data-settings=\"{&quot;video_type&quot;:&quot;hosted&quot;,&quot;controls&quot;:&quot;yes&quot;}\" data-widget_type=\"video.default\">\n\t\t\t\t<div class=\"elementor-widget-container\">\n\t\t\t\t\t\t\t<div class=\"e-hosted-video elementor-wrapper elementor-open-inline\">\n\t\t\t\t\t<video class=\"elementor-video\" src=\"https:\/\/malakurdan.org\/wp-content\/uploads\/2024\/12\/33.mp4\" controls=\"\" preload=\"metadata\" controlsList=\"nodownload\"><\/video>\n\t\t\t\t<\/div>\n\t\t\t\t\t\t<\/div>\n\t\t\t\t<\/div>\n\t\t\t\t<\/div>\n\t\t<div class=\"elementor-element elementor-element-1ff1841 e-con-full e-flex e-con e-child\" data-id=\"1ff1841\" data-element_type=\"container\" data-e-type=\"container\">\n\t\t\t\t<div class=\"elementor-element elementor-element-1c64a32 elementor-widget elementor-widget-html\" data-id=\"1c64a32\" data-element_type=\"widget\" data-e-type=\"widget\" data-widget_type=\"html.default\">\n\t\t\t\t<div class=\"elementor-widget-container\">\n\t\t\t\t\t<video width=\"320\" height=\"240\" controls>\r\n  <source src=\"https:\/\/malakurdan.org\/wp-content\/uploads\/2024\/09\/1-1.mp4\" type=\"video\/mp4\">\r\n  <source src=\"https:\/\/malakurdan.org\/wp-content\/uploads\/2024\/09\/1-1.mp4\" type=\"video\/ogg\">\r\nYour browser does not support the video tag.\r\n<\/video>\t\t\t\t<\/div>\n\t\t\t\t<\/div>\n\t\t\t\t<\/div>\n\t\t<div class=\"elementor-element elementor-element-336beef e-con-full e-flex e-con e-child\" data-id=\"336beef\" data-element_type=\"container\" data-e-type=\"container\">\n\t\t\t\t<div class=\"elementor-element elementor-element-88a462c elementor-widget elementor-widget-html\" data-id=\"88a462c\" data-element_type=\"widget\" data-e-type=\"widget\" data-widget_type=\"html.default\">\n\t\t\t\t<div class=\"elementor-widget-container\">\n\t\t\t\t\t<video width=\"320\" height=\"240\" controls>\r\n  <source src=\"https:\/\/malakurdan.org\/wp-content\/uploads\/2024\/09\/1-2.mp4\" type=\"video\/mp4\">\r\n  <source src=\"https:\/\/malakurdan.org\/wp-content\/uploads\/2024\/09\/1-2.mp4\" type=\"video\/ogg\">\r\nYour browser does not support the video tag.\r\n<\/video>\t\t\t\t<\/div>\n\t\t\t\t<\/div>\n\t\t\t\t<\/div>\n\t\t<div class=\"elementor-element elementor-element-7f909ea e-con-full e-flex e-con e-child\" data-id=\"7f909ea\" data-element_type=\"container\" data-e-type=\"container\">\n\t\t\t\t<div class=\"elementor-element elementor-element-02c900b elementor-widget elementor-widget-html\" data-id=\"02c900b\" data-element_type=\"widget\" data-e-type=\"widget\" data-widget_type=\"html.default\">\n\t\t\t\t<div class=\"elementor-widget-container\">\n\t\t\t\t\t<video width=\"320\" height=\"240\" controls>\r\n  <source src=\"https:\/\/malakurdan.org\/wp-content\/uploads\/2024\/09\/video-sac.mp4\" type=\"video\/mp4\">\r\n  <source src=\"https:\/\/malakurdan.org\/wp-content\/uploads\/2024\/09\/video-sac.mp4\" type=\"video\/ogg\">\r\nYour browser does not support the video tag.\r\n<\/video>\t\t\t\t<\/div>\n\t\t\t\t<\/div>\n\t\t\t\t<\/div>\n\t\t\t\t\t<\/div>\n\t\t\t\t<\/div>\n\t\t<div class=\"elementor-element elementor-element-fdd1167 e-flex e-con-boxed e-con e-parent\" data-id=\"fdd1167\" data-element_type=\"container\" data-e-type=\"container\">\n\t\t\t\t\t<div class=\"e-con-inner\">\n\t\t<div class=\"elementor-element elementor-element-1b7e1fd e-con-full e-flex e-con e-child\" data-id=\"1b7e1fd\" data-element_type=\"container\" data-e-type=\"container\">\n\t\t\t\t<div class=\"elementor-element elementor-element-6996bd7 elementor-widget elementor-widget-html\" data-id=\"6996bd7\" data-element_type=\"widget\" data-e-type=\"widget\" data-widget_type=\"html.default\">\n\t\t\t\t<div class=\"elementor-widget-container\">\n\t\t\t\t\t<video width=\"320\" height=\"240\" controls>\r\n  <source src=\"https:\/\/malakurdan.org\/wp-content\/uploads\/2024\/09\/canta1.mp4\" type=\"video\/mp4\">\r\n  <source src=\"https:\/\/malakurdan.org\/wp-content\/uploads\/2024\/09\/canta1.mp4\" type=\"video\/ogg\">\r\nYour browser does not support the video tag.\r\n<\/video>\t\t\t\t<\/div>\n\t\t\t\t<\/div>\n\t\t\t\t<\/div>\n\t\t<div class=\"elementor-element elementor-element-dd3e0a7 e-con-full e-flex e-con e-child\" data-id=\"dd3e0a7\" data-element_type=\"container\" data-e-type=\"container\">\n\t\t\t\t<div class=\"elementor-element elementor-element-f89be52 elementor-widget elementor-widget-html\" data-id=\"f89be52\" data-element_type=\"widget\" data-e-type=\"widget\" data-widget_type=\"html.default\">\n\t\t\t\t<div class=\"elementor-widget-container\">\n\t\t\t\t\t<video width=\"320\" height=\"240\" controls>\r\n  <source src=\"https:\/\/malakurdan.org\/wp-content\/uploads\/2024\/09\/sukuyusu.mp4\" type=\"video\/mp4\">\r\n  <source src=\"https:\/\/malakurdan.org\/wp-content\/uploads\/2024\/09\/sukuyusu.mp4\" type=\"video\/ogg\">\r\nYour browser does not support the video tag.\r\n<\/video>\t\t\t\t<\/div>\n\t\t\t\t<\/div>\n\t\t\t\t<div class=\"elementor-element elementor-element-2906224 elementor-widget elementor-widget-image\" data-id=\"2906224\" data-element_type=\"widget\" data-e-type=\"widget\" data-widget_type=\"image.default\">\n\t\t\t\t<div class=\"elementor-widget-container\">\n\t\t\t\t\t\t\t\t\t\t\t\t\t\t\t<img fetchpriority=\"high\" decoding=\"async\" width=\"838\" height=\"702\" src=\"https:\/\/malakurdan.org\/wp-content\/uploads\/2024\/08\/q1.jpg\" class=\"attachment-large size-large wp-image-3513\" alt=\"\" srcset=\"https:\/\/malakurdan.org\/wp-content\/uploads\/2024\/08\/q1.jpg 838w, https:\/\/malakurdan.org\/wp-content\/uploads\/2024\/08\/q1-300x251.jpg 300w, https:\/\/malakurdan.org\/wp-content\/uploads\/2024\/08\/q1-768x643.jpg 768w\" sizes=\"(max-width: 838px) 100vw, 838px\" \/>\t\t\t\t\t\t\t\t\t\t\t\t\t\t\t<\/div>\n\t\t\t\t<\/div>\n\t\t\t\t<\/div>\n\t\t<div class=\"elementor-element elementor-element-0823eb9 e-con-full e-flex e-con e-child\" data-id=\"0823eb9\" data-element_type=\"container\" data-e-type=\"container\">\n\t\t\t\t<div class=\"elementor-element elementor-element-c4a9ef8 elementor-widget elementor-widget-html\" data-id=\"c4a9ef8\" data-element_type=\"widget\" data-e-type=\"widget\" data-widget_type=\"html.default\">\n\t\t\t\t<div class=\"elementor-widget-container\">\n\t\t\t\t\t<video width=\"320\" height=\"240\" controls>\r\n  <source src=\"https:\/\/malakurdan.org\/wp-content\/uploads\/2024\/09\/canta2.mp4\" type=\"video\/mp4\">\r\n  <source src=\"https:\/\/malakurdan.org\/wp-content\/uploads\/2024\/09\/canta2.mp4\" type=\"video\/ogg\">\r\nYour browser does not support the video tag.\r\n<\/video>\r\n\t\t\t\t<\/div>\n\t\t\t\t<\/div>\n\t\t\t\t<div class=\"elementor-element elementor-element-c2e2f4f elementor-widget elementor-widget-image\" data-id=\"c2e2f4f\" data-element_type=\"widget\" data-e-type=\"widget\" data-widget_type=\"image.default\">\n\t\t\t\t<div class=\"elementor-widget-container\">\n\t\t\t\t\t\t\t\t\t\t\t\t\t\t\t<img decoding=\"async\" width=\"881\" height=\"710\" src=\"https:\/\/malakurdan.org\/wp-content\/uploads\/2024\/08\/q2.jpg\" class=\"attachment-large size-large wp-image-3514\" alt=\"\" srcset=\"https:\/\/malakurdan.org\/wp-content\/uploads\/2024\/08\/q2.jpg 881w, https:\/\/malakurdan.org\/wp-content\/uploads\/2024\/08\/q2-300x242.jpg 300w, https:\/\/malakurdan.org\/wp-content\/uploads\/2024\/08\/q2-768x619.jpg 768w\" sizes=\"(max-width: 881px) 100vw, 881px\" \/>\t\t\t\t\t\t\t\t\t\t\t\t\t\t\t<\/div>\n\t\t\t\t<\/div>\n\t\t\t\t<\/div>\n\t\t<div class=\"elementor-element elementor-element-eddbc27 e-con-full e-flex e-con e-child\" data-id=\"eddbc27\" data-element_type=\"container\" data-e-type=\"container\">\n\t\t\t\t<div class=\"elementor-element elementor-element-4b91e3f elementor-widget elementor-widget-video\" data-id=\"4b91e3f\" data-element_type=\"widget\" data-e-type=\"widget\" data-settings=\"{&quot;video_type&quot;:&quot;hosted&quot;,&quot;controls&quot;:&quot;yes&quot;}\" data-widget_type=\"video.default\">\n\t\t\t\t<div class=\"elementor-widget-container\">\n\t\t\t\t\t\t\t<div class=\"e-hosted-video elementor-wrapper elementor-open-inline\">\n\t\t\t\t\t<video class=\"elementor-video\" src=\"https:\/\/malakurdan.org\/wp-content\/uploads\/2024\/12\/22222.mp4\" controls=\"\" preload=\"metadata\" controlsList=\"nodownload\"><\/video>\n\t\t\t\t<\/div>\n\t\t\t\t\t\t<\/div>\n\t\t\t\t<\/div>\n\t\t\t\t<div class=\"elementor-element elementor-element-d620e69 elementor-widget elementor-widget-image\" data-id=\"d620e69\" data-element_type=\"widget\" data-e-type=\"widget\" data-widget_type=\"image.default\">\n\t\t\t\t<div class=\"elementor-widget-container\">\n\t\t\t\t\t\t\t\t\t\t\t\t\t\t\t<img decoding=\"async\" width=\"730\" height=\"1024\" src=\"https:\/\/malakurdan.org\/wp-content\/uploads\/2024\/07\/acilis-730x1024.jpeg\" class=\"attachment-large size-large wp-image-3469\" alt=\"\" srcset=\"https:\/\/malakurdan.org\/wp-content\/uploads\/2024\/07\/acilis-730x1024.jpeg 730w, https:\/\/malakurdan.org\/wp-content\/uploads\/2024\/07\/acilis-214x300.jpeg 214w, https:\/\/malakurdan.org\/wp-content\/uploads\/2024\/07\/acilis-768x1078.jpeg 768w, https:\/\/malakurdan.org\/wp-content\/uploads\/2024\/07\/acilis-1094x1536.jpeg 1094w, https:\/\/malakurdan.org\/wp-content\/uploads\/2024\/07\/acilis.jpeg 1140w\" sizes=\"(max-width: 730px) 100vw, 730px\" \/>\t\t\t\t\t\t\t\t\t\t\t\t\t\t\t<\/div>\n\t\t\t\t<\/div>\n\t\t\t\t<div class=\"elementor-element elementor-element-0b5a7d1 elementor-widget elementor-widget-image\" data-id=\"0b5a7d1\" data-element_type=\"widget\" data-e-type=\"widget\" data-widget_type=\"image.default\">\n\t\t\t\t<div class=\"elementor-widget-container\">\n\t\t\t\t\t\t\t\t\t\t\t\t\t\t\t<img loading=\"lazy\" decoding=\"async\" width=\"841\" height=\"357\" src=\"https:\/\/malakurdan.org\/wp-content\/uploads\/2024\/06\/q.jpeg\" class=\"attachment-large size-large wp-image-3446\" alt=\"\" srcset=\"https:\/\/malakurdan.org\/wp-content\/uploads\/2024\/06\/q.jpeg 841w, https:\/\/malakurdan.org\/wp-content\/uploads\/2024\/06\/q-300x127.jpeg 300w, https:\/\/malakurdan.org\/wp-content\/uploads\/2024\/06\/q-768x326.jpeg 768w\" sizes=\"(max-width: 841px) 100vw, 841px\" \/>\t\t\t\t\t\t\t\t\t\t\t\t\t\t\t<\/div>\n\t\t\t\t<\/div>\n\t\t\t\t<div class=\"elementor-element elementor-element-ebc9f7a elementor-widget elementor-widget-video\" data-id=\"ebc9f7a\" data-element_type=\"widget\" data-e-type=\"widget\" data-settings=\"{&quot;video_type&quot;:&quot;hosted&quot;,&quot;controls&quot;:&quot;yes&quot;}\" data-widget_type=\"video.default\">\n\t\t\t\t<div class=\"elementor-widget-container\">\n\t\t\t\t\t\t\t<div class=\"e-hosted-video elementor-wrapper elementor-open-inline\">\n\t\t\t\t\t<video class=\"elementor-video\" src=\"https:\/\/malakurdan.org\/wp-content\/uploads\/2024\/06\/qurban.mp4\" controls=\"\" preload=\"metadata\" controlsList=\"nodownload\" poster=\"https:\/\/malakurdan.org\/wp-content\/uploads\/2024\/06\/q.jpeg\"><\/video>\n\t\t\t\t<\/div>\n\t\t\t\t\t\t<\/div>\n\t\t\t\t<\/div>\n\t\t\t\t<div class=\"elementor-element elementor-element-c9e56e3 elementor-widget elementor-widget-image\" data-id=\"c9e56e3\" data-element_type=\"widget\" data-e-type=\"widget\" data-widget_type=\"image.default\">\n\t\t\t\t<div class=\"elementor-widget-container\">\n\t\t\t\t\t\t\t\t\t\t\t\t\t\t\t<img loading=\"lazy\" decoding=\"async\" width=\"2560\" height=\"1588\" src=\"https:\/\/malakurdan.org\/wp-content\/uploads\/2024\/02\/erzak-copy-scaled.jpg\" class=\"attachment-full size-full wp-image-3409\" alt=\"\" srcset=\"https:\/\/malakurdan.org\/wp-content\/uploads\/2024\/02\/erzak-copy-scaled.jpg 2560w, https:\/\/malakurdan.org\/wp-content\/uploads\/2024\/02\/erzak-copy-300x186.jpg 300w, https:\/\/malakurdan.org\/wp-content\/uploads\/2024\/02\/erzak-copy-1024x635.jpg 1024w, https:\/\/malakurdan.org\/wp-content\/uploads\/2024\/02\/erzak-copy-768x476.jpg 768w, https:\/\/malakurdan.org\/wp-content\/uploads\/2024\/02\/erzak-copy-1536x953.jpg 1536w, https:\/\/malakurdan.org\/wp-content\/uploads\/2024\/02\/erzak-copy-2048x1271.jpg 2048w\" sizes=\"(max-width: 2560px) 100vw, 2560px\" \/>\t\t\t\t\t\t\t\t\t\t\t\t\t\t\t<\/div>\n\t\t\t\t<\/div>\n\t\t\t\t<div class=\"elementor-element elementor-element-cb66ce1 elementor-widget elementor-widget-heading\" data-id=\"cb66ce1\" data-element_type=\"widget\" data-e-type=\"widget\" data-widget_type=\"heading.default\">\n\t\t\t\t<div class=\"elementor-widget-container\">\n\t\t\t\t\t<h2 class=\"elementor-heading-title elementor-size-large\"><br><br>        FITAREK JI BO ROJAVA<br><br>Em \u00ea di meha Remezan\u00ea de al\u00eekariya xwarin\u00ea bidin Rojava. Ger h\u00fbn dixwazin pi\u015ftgir\u00ee bidin kampanyaya me, h\u00fbn dikarin bi r\u00eaya malpera me bigih\u00eejin me.<br><br><br><br><\/h2>\t\t\t\t<\/div>\n\t\t\t\t<\/div>\n\t\t\t\t<\/div>\n\t\t<div class=\"elementor-element elementor-element-0f3d7dd e-con-full e-flex e-con e-child\" data-id=\"0f3d7dd\" data-element_type=\"container\" data-e-type=\"container\">\n\t\t\t\t<div class=\"elementor-element elementor-element-d660089 elementor-widget elementor-widget-image\" data-id=\"d660089\" data-element_type=\"widget\" data-e-type=\"widget\" data-widget_type=\"image.default\">\n\t\t\t\t<div class=\"elementor-widget-container\">\n\t\t\t\t\t\t\t\t\t\t\t\t\t\t\t<img loading=\"lazy\" decoding=\"async\" width=\"724\" height=\"1024\" src=\"https:\/\/malakurdan.org\/wp-content\/uploads\/2024\/08\/akademiya_ziman-copy-724x1024.jpg\" class=\"attachment-large size-large wp-image-3475\" alt=\"\" srcset=\"https:\/\/malakurdan.org\/wp-content\/uploads\/2024\/08\/akademiya_ziman-copy-724x1024.jpg 724w, https:\/\/malakurdan.org\/wp-content\/uploads\/2024\/08\/akademiya_ziman-copy-212x300.jpg 212w, https:\/\/malakurdan.org\/wp-content\/uploads\/2024\/08\/akademiya_ziman-copy-768x1086.jpg 768w, https:\/\/malakurdan.org\/wp-content\/uploads\/2024\/08\/akademiya_ziman-copy-1086x1536.jpg 1086w, https:\/\/malakurdan.org\/wp-content\/uploads\/2024\/08\/akademiya_ziman-copy-1448x2048.jpg 1448w, https:\/\/malakurdan.org\/wp-content\/uploads\/2024\/08\/akademiya_ziman-copy-scaled.jpg 1810w\" sizes=\"(max-width: 724px) 100vw, 724px\" \/>\t\t\t\t\t\t\t\t\t\t\t\t\t\t\t<\/div>\n\t\t\t\t<\/div>\n\t\t\t\t<div class=\"elementor-element elementor-element-0783c03 elementor-widget elementor-widget-image\" data-id=\"0783c03\" data-element_type=\"widget\" data-e-type=\"widget\" data-widget_type=\"image.default\">\n\t\t\t\t<div class=\"elementor-widget-container\">\n\t\t\t\t\t\t\t\t\t\t\t\t\t\t\t<img loading=\"lazy\" decoding=\"async\" width=\"1024\" height=\"550\" src=\"https:\/\/malakurdan.org\/wp-content\/uploads\/2024\/07\/Ekran-Alintisi-1024x550.jpg\" class=\"attachment-large size-large wp-image-3470\" alt=\"\" srcset=\"https:\/\/malakurdan.org\/wp-content\/uploads\/2024\/07\/Ekran-Alintisi-1024x550.jpg 1024w, https:\/\/malakurdan.org\/wp-content\/uploads\/2024\/07\/Ekran-Alintisi-300x161.jpg 300w, https:\/\/malakurdan.org\/wp-content\/uploads\/2024\/07\/Ekran-Alintisi-768x412.jpg 768w, https:\/\/malakurdan.org\/wp-content\/uploads\/2024\/07\/Ekran-Alintisi-1536x825.jpg 1536w, https:\/\/malakurdan.org\/wp-content\/uploads\/2024\/07\/Ekran-Alintisi-2048x1099.jpg 2048w\" sizes=\"(max-width: 1024px) 100vw, 1024px\" \/>\t\t\t\t\t\t\t\t\t\t\t\t\t\t\t<\/div>\n\t\t\t\t<\/div>\n\t\t\t\t<div class=\"elementor-element elementor-element-6664ced elementor-widget elementor-widget-image\" data-id=\"6664ced\" data-element_type=\"widget\" data-e-type=\"widget\" data-widget_type=\"image.default\">\n\t\t\t\t<div class=\"elementor-widget-container\">\n\t\t\t\t\t\t\t\t\t\t\t\t\t\t\t<img loading=\"lazy\" decoding=\"async\" width=\"1024\" height=\"768\" src=\"https:\/\/malakurdan.org\/wp-content\/uploads\/2024\/07\/1-6-1024x768.jpeg\" class=\"attachment-large size-large wp-image-3463\" alt=\"\" srcset=\"https:\/\/malakurdan.org\/wp-content\/uploads\/2024\/07\/1-6-1024x768.jpeg 1024w, https:\/\/malakurdan.org\/wp-content\/uploads\/2024\/07\/1-6-300x225.jpeg 300w, https:\/\/malakurdan.org\/wp-content\/uploads\/2024\/07\/1-6-768x576.jpeg 768w, https:\/\/malakurdan.org\/wp-content\/uploads\/2024\/07\/1-6-1536x1152.jpeg 1536w, https:\/\/malakurdan.org\/wp-content\/uploads\/2024\/07\/1-6-2048x1536.jpeg 2048w\" sizes=\"(max-width: 1024px) 100vw, 1024px\" \/>\t\t\t\t\t\t\t\t\t\t\t\t\t\t\t<\/div>\n\t\t\t\t<\/div>\n\t\t\t\t<div class=\"elementor-element elementor-element-3cba1ff elementor-widget elementor-widget-image\" data-id=\"3cba1ff\" data-element_type=\"widget\" data-e-type=\"widget\" data-widget_type=\"image.default\">\n\t\t\t\t<div class=\"elementor-widget-container\">\n\t\t\t\t\t\t\t\t\t\t\t\t\t\t\t<img loading=\"lazy\" decoding=\"async\" width=\"1536\" height=\"864\" src=\"https:\/\/malakurdan.org\/wp-content\/uploads\/2024\/02\/iftar-2024-1-1536x864.jpg\" class=\"attachment-1536x1536 size-1536x1536 wp-image-3371\" alt=\"\" srcset=\"https:\/\/malakurdan.org\/wp-content\/uploads\/2024\/02\/iftar-2024-1-1536x864.jpg 1536w, https:\/\/malakurdan.org\/wp-content\/uploads\/2024\/02\/iftar-2024-1-300x169.jpg 300w, https:\/\/malakurdan.org\/wp-content\/uploads\/2024\/02\/iftar-2024-1-1024x576.jpg 1024w, https:\/\/malakurdan.org\/wp-content\/uploads\/2024\/02\/iftar-2024-1-768x432.jpg 768w, https:\/\/malakurdan.org\/wp-content\/uploads\/2024\/02\/iftar-2024-1-2048x1152.jpg 2048w\" sizes=\"(max-width: 1536px) 100vw, 1536px\" \/>\t\t\t\t\t\t\t\t\t\t\t\t\t\t\t<\/div>\n\t\t\t\t<\/div>\n\t\t\t\t<div class=\"elementor-element elementor-element-b18af4e elementor-widget elementor-widget-video\" data-id=\"b18af4e\" data-element_type=\"widget\" data-e-type=\"widget\" data-settings=\"{&quot;video_type&quot;:&quot;hosted&quot;,&quot;controls&quot;:&quot;yes&quot;}\" data-widget_type=\"video.default\">\n\t\t\t\t<div class=\"elementor-widget-container\">\n\t\t\t\t\t\t\t<div class=\"e-hosted-video elementor-wrapper elementor-open-inline\">\n\t\t\t\t\t<video class=\"elementor-video\" src=\"https:\/\/malakurdan.org\/wp-content\/uploads\/2024\/02\/Sunu-9-1.mp4\" controls=\"\" preload=\"metadata\" controlsList=\"nodownload\"><\/video>\n\t\t\t\t<\/div>\n\t\t\t\t\t\t<\/div>\n\t\t\t\t<\/div>\n\t\t\t\t<\/div>\n\t\t<div class=\"elementor-element elementor-element-34ab3ba e-con-full e-flex e-con e-child\" data-id=\"34ab3ba\" data-element_type=\"container\" data-e-type=\"container\">\n\t\t\t\t<div class=\"elementor-element elementor-element-31410f8 elementor-widget elementor-widget-image\" data-id=\"31410f8\" data-element_type=\"widget\" data-e-type=\"widget\" data-widget_type=\"image.default\">\n\t\t\t\t<div class=\"elementor-widget-container\">\n\t\t\t\t\t\t\t\t\t\t\t\t\t\t\t<img loading=\"lazy\" decoding=\"async\" width=\"724\" height=\"1024\" src=\"https:\/\/malakurdan.org\/wp-content\/uploads\/2024\/08\/24-724x1024.jpeg\" class=\"attachment-large size-large wp-image-3476\" alt=\"\" srcset=\"https:\/\/malakurdan.org\/wp-content\/uploads\/2024\/08\/24-724x1024.jpeg 724w, https:\/\/malakurdan.org\/wp-content\/uploads\/2024\/08\/24-212x300.jpeg 212w, https:\/\/malakurdan.org\/wp-content\/uploads\/2024\/08\/24-768x1086.jpeg 768w, https:\/\/malakurdan.org\/wp-content\/uploads\/2024\/08\/24-1086x1536.jpeg 1086w, https:\/\/malakurdan.org\/wp-content\/uploads\/2024\/08\/24.jpeg 1131w\" sizes=\"(max-width: 724px) 100vw, 724px\" \/>\t\t\t\t\t\t\t\t\t\t\t\t\t\t\t<\/div>\n\t\t\t\t<\/div>\n\t\t\t\t<div class=\"elementor-element elementor-element-9019c23 elementor-widget elementor-widget-image\" data-id=\"9019c23\" data-element_type=\"widget\" data-e-type=\"widget\" data-widget_type=\"image.default\">\n\t\t\t\t<div class=\"elementor-widget-container\">\n\t\t\t\t\t\t\t\t\t\t\t\t\t\t\t<img loading=\"lazy\" decoding=\"async\" width=\"731\" height=\"1024\" src=\"https:\/\/malakurdan.org\/wp-content\/uploads\/2024\/07\/1-7-731x1024.jpeg\" class=\"attachment-large size-large wp-image-3464\" alt=\"\" srcset=\"https:\/\/malakurdan.org\/wp-content\/uploads\/2024\/07\/1-7-731x1024.jpeg 731w, https:\/\/malakurdan.org\/wp-content\/uploads\/2024\/07\/1-7-214x300.jpeg 214w, https:\/\/malakurdan.org\/wp-content\/uploads\/2024\/07\/1-7-768x1075.jpeg 768w, https:\/\/malakurdan.org\/wp-content\/uploads\/2024\/07\/1-7.jpeg 960w\" sizes=\"(max-width: 731px) 100vw, 731px\" \/>\t\t\t\t\t\t\t\t\t\t\t\t\t\t\t<\/div>\n\t\t\t\t<\/div>\n\t\t\t\t<div class=\"elementor-element elementor-element-110a2d3 elementor-widget__width-initial elementor-widget elementor-widget-image\" data-id=\"110a2d3\" data-element_type=\"widget\" data-e-type=\"widget\" data-widget_type=\"image.default\">\n\t\t\t\t<div class=\"elementor-widget-container\">\n\t\t\t\t\t\t\t\t\t\t\t\t\t\t\t<img loading=\"lazy\" decoding=\"async\" width=\"1130\" height=\"1600\" src=\"https:\/\/malakurdan.org\/wp-content\/uploads\/2024\/05\/ab.jpeg\" class=\"attachment-full size-full wp-image-3440\" alt=\"\" srcset=\"https:\/\/malakurdan.org\/wp-content\/uploads\/2024\/05\/ab.jpeg 1130w, https:\/\/malakurdan.org\/wp-content\/uploads\/2024\/05\/ab-212x300.jpeg 212w, https:\/\/malakurdan.org\/wp-content\/uploads\/2024\/05\/ab-723x1024.jpeg 723w, https:\/\/malakurdan.org\/wp-content\/uploads\/2024\/05\/ab-768x1087.jpeg 768w, https:\/\/malakurdan.org\/wp-content\/uploads\/2024\/05\/ab-1085x1536.jpeg 1085w\" sizes=\"(max-width: 1130px) 100vw, 1130px\" \/>\t\t\t\t\t\t\t\t\t\t\t\t\t\t\t<\/div>\n\t\t\t\t<\/div>\n\t\t\t\t<\/div>\n\t\t\t\t\t<\/div>\n\t\t\t\t<\/div>\n\t\t\t\t<\/div>\n\t\t","protected":false},"excerpt":{"rendered":"<p>Click the logo for&nbsp;&#8220;100Berh\u00eamen Kurd\u00ee&#8221; website Montek ji bo zarok\u00ean Rojava &#8220;Navbera sibe \u00fb \u015fev\u00ea, monta we reng\u00ea xwe p\u00ea\u015fan bike!&#8221; Ev \u00e7avan\u00ean min \u015fan\u00ean zivistan\u00ee ji bo zarokan dest p\u00ea kir. Di v\u00ea p\u00eave de, h\u00fbn dikarin be\u015fdar\u00ee kampanyaya mont\u00ea bikin.bel\u00ea j\u00ee \u015fan\u00ean zivistan\u00ee ji bo zarok\u00ean h\u00eaja ne. Ji bo part\u00eec\u00eekirina v\u00ea kampanyay\u00ea, [&hellip;]<\/p>\n","protected":false},"author":1,"featured_media":0,"parent":0,"menu_order":0,"comment_status":"closed","ping_status":"closed","template":"page-templates\/homepage.php","meta":{"saved_in_kubio":false,"footnotes":""},"class_list":["post-17","page","type-page","status-publish","hentry"],"kubio_ai_page_context":{"short_desc":"","purpose":"general"},"_hostinger_reach_plugin_has_subscription_block":false,"_hostinger_reach_plugin_is_elementor":false,"_links":{"self":[{"href":"https:\/\/malakurdan.org\/index.php\/wp-json\/wp\/v2\/pages\/17","targetHints":{"allow":["GET"]}}],"collection":[{"href":"https:\/\/malakurdan.org\/index.php\/wp-json\/wp\/v2\/pages"}],"about":[{"href":"https:\/\/malakurdan.org\/index.php\/wp-json\/wp\/v2\/types\/page"}],"author":[{"embeddable":true,"href":"https:\/\/malakurdan.org\/index.php\/wp-json\/wp\/v2\/users\/1"}],"replies":[{"embeddable":true,"href":"https:\/\/malakurdan.org\/index.php\/wp-json\/wp\/v2\/comments?post=17"}],"version-history":[{"count":20,"href":"https:\/\/malakurdan.org\/index.php\/wp-json\/wp\/v2\/pages\/17\/revisions"}],"predecessor-version":[{"id":4541,"href":"https:\/\/malakurdan.org\/index.php\/wp-json\/wp\/v2\/pages\/17\/revisions\/4541"}],"wp:attachment":[{"href":"https:\/\/malakurdan.org\/index.php\/wp-json\/wp\/v2\/media?parent=17"}],"curies":[{"name":"wp","href":"https:\/\/api.w.org\/{rel}","templated":true}]}}